{"id":1045,"date":"2025-11-25T15:13:52","date_gmt":"2025-11-25T14:13:52","guid":{"rendered":"https:\/\/ajlaw.pl\/kariera\/"},"modified":"2025-12-29T13:22:21","modified_gmt":"2025-12-29T12:22:21","slug":"career","status":"publish","type":"page","link":"https:\/\/ajlaw.pl\/en\/career\/","title":{"rendered":"Career"},"content":{"rendered":"\r\n  <section id=\"job-offers-grid-1\"  class=\"job-offers-grid alignwide wp-block-acf-job-offers-list\">\r\n\t\t<article class=\"job-offer-grid-item\">\r\n  <div class=\"photo\">\r\n    <a href=\"https:\/\/ajlaw.pl\/en\/oferta-pracy\/zakonczona-rekrutacja-na-stanowisko-prawnik-czka\/\" class=\"img-link\">\r\n            <img decoding=\"async\" loading=\"lazy\" src=\"https:\/\/ajlaw.pl\/wp-content\/uploads\/2025\/11\/zrzut-ekranu-2025-12-17-095936.png\" alt=\"\" width=\"915\" height=\"515\">\r\n          <\/a>\r\n  <\/div><!-- \/.photo -->\r\n  <div class=\"desc\">\r\n    <p class=\"title\"><a href=\"https:\/\/ajlaw.pl\/en\/oferta-pracy\/zakonczona-rekrutacja-na-stanowisko-prawnik-czka\/\" title=\"Zako\u0144czona rekrutacja na stanowisko Prawnik\/-czka\" rel=\"bookmark\">Zako\u0144czona rekrutacja na stanowisko Prawnik\/-czka<\/a><\/p><!-- \/.title -->\r\n    <p class=\"excerpt\">W\u00a0naszej Kancelarii nie\u00a0tylko\u00a0wspieramy klient\u00f3w w\u00a0ich najwa\u017cniejszych sprawach \u2014\u00a0tworzymy przestrze\u0144, w\u00a0kt\u00f3rej\u00a0Ty\u00a0r\u00f3wnie\u017c mo\u017cesz si\u0119 rozwija\u0107, dzia\u0142a\u0107 kreatywnie i\u00a0zdobywa\u0107 do\u015bwiadczenie w\u00a0realnych projektach.<\/p><!-- \/.excerpt -->\r\n    <p class=\"more\">\r\n      <a href=\"https:\/\/ajlaw.pl\/en\/oferta-pracy\/zakonczona-rekrutacja-na-stanowisko-prawnik-czka\/\" class=\"btn-link beige\"><span>Read more<\/span><svg viewBox=\"0 0 512 512\"><use xlink:href=\"#arrow-right-long\"><\/use><\/svg><\/a><!-- \/.btn link -->\r\n    <\/p><!-- \/.more -->\r\n  <\/div><!-- \/.desc -->\r\n<\/article><!-- \/.post-grid-item -->\r\n<article class=\"job-offer-grid-item\">\r\n  <div class=\"photo\">\r\n    <a href=\"https:\/\/ajlaw.pl\/en\/oferta-pracy\/asystent-ka-biura\/\" class=\"img-link\">\r\n            <img decoding=\"async\" loading=\"lazy\" src=\"https:\/\/ajlaw.pl\/wp-content\/uploads\/2025\/11\/grafika-1024x503.png\" alt=\"\" width=\"1024\" height=\"503\">\r\n          <\/a>\r\n  <\/div><!-- \/.photo -->\r\n  <div class=\"desc\">\r\n    <p class=\"title\"><a href=\"https:\/\/ajlaw.pl\/en\/oferta-pracy\/asystent-ka-biura\/\" title=\"Zako\u0144czona rekrutacja na stanowisko: Asystentka Biura\" rel=\"bookmark\">Zako\u0144czona rekrutacja na stanowisko: Asystentka Biura<\/a><\/p><!-- \/.title -->\r\n    <p class=\"excerpt\">W\u00a0naszej Kancelarii nie\u00a0tylko\u00a0wspieramy klient\u00f3w w\u00a0ich najwa\u017cniejszych sprawach \u2014\u00a0tworzymy przestrze\u0144, w\u00a0kt\u00f3rej\u00a0Ty\u00a0r\u00f3wnie\u017c mo\u017cesz si\u0119 rozwija\u0107, dzia\u0142a\u0107 kreatywnie i\u00a0zdobywa\u0107 do\u015bwiadczenie w\u00a0realnych projektach.\n\nJeste\u015bmy AJ\u00a0LAW, a\u00a0dok\u0142adniej Aleksandra Diskau i\u00a0Joanna Ucha\u0144ska.\u00a0Prowadzimy rami\u0119 w\u00a0rami\u0119 kancelari\u0119 w\u00a0Krakowie \u2013 mie\u015bcie, w\u00a0kt\u00f3rym\u00a0sko\u0144czy\u0142y\u015bmy studia i\u00a0od\u00a0lat \u017cyjemy i\u00a0pracujemy. AJ\u00a0LAW to\u00a0ju\u017c kilkuosobowy Zesp\u00f3\u0142. Czym si\u0119 zajmujemy? Towarzyszymy naszym klientom w\u00a0ich codziennych sprawach, prowadzonych biznesach, realizacji ich marze\u0144 i\u00a0za\u0142o\u017ce\u0144, ogarniaj\u0105c prawn\u0105 stron\u0119 prowadzonej dzia\u0142alno\u015bci.<\/p><!-- \/.excerpt -->\r\n    <p class=\"more\">\r\n      <a href=\"https:\/\/ajlaw.pl\/en\/oferta-pracy\/asystent-ka-biura\/\" class=\"btn-link beige\"><span>Read more<\/span><svg viewBox=\"0 0 512 512\"><use xlink:href=\"#arrow-right-long\"><\/use><\/svg><\/a><!-- \/.btn link -->\r\n    <\/p><!-- \/.more -->\r\n  <\/div><!-- \/.desc -->\r\n<\/article><!-- \/.post-grid-item -->\r\n<article class=\"job-offer-grid-item\">\r\n  <div class=\"photo\">\r\n    <a href=\"https:\/\/ajlaw.pl\/en\/oferta-pracy\/dolacz-do-naszego-zespolu-swiat-aj-law-czeka\/\" class=\"img-link\">\r\n            <img decoding=\"async\" loading=\"lazy\" src=\"https:\/\/ajlaw.pl\/wp-content\/uploads\/2025\/11\/zrzut-ekranu-2025-12-17-134837.png\" alt=\"\" width=\"1021\" height=\"495\">\r\n          <\/a>\r\n  <\/div><!-- \/.photo -->\r\n  <div class=\"desc\">\r\n    <p class=\"title\"><a href=\"https:\/\/ajlaw.pl\/en\/oferta-pracy\/dolacz-do-naszego-zespolu-swiat-aj-law-czeka\/\" title=\"Recruitment scheme\" rel=\"bookmark\">Recruitment scheme<\/a><\/p><!-- \/.title -->\r\n    <p class=\"excerpt\">At AJ LAW, we believe that work is a way to fulfill dreams \u2013 at AJ LAW, we make dreams come true through law. Therefore, we value transparency, which is why we briefly present the path for a candidate applying for a position at AJ LAW.\n<\/p><!-- \/.excerpt -->\r\n    <p class=\"more\">\r\n      <a href=\"https:\/\/ajlaw.pl\/en\/oferta-pracy\/dolacz-do-naszego-zespolu-swiat-aj-law-czeka\/\" class=\"btn-link beige\"><span>Read more<\/span><svg viewBox=\"0 0 512 512\"><use xlink:href=\"#arrow-right-long\"><\/use><\/svg><\/a><!-- \/.btn link -->\r\n    <\/p><!-- \/.more -->\r\n  <\/div><!-- \/.desc -->\r\n<\/article><!-- \/.post-grid-item -->\r\n\t<\/section><!-- \/.post-grid -->\r\n\r\n","protected":false},"excerpt":{"rendered":"","protected":false},"author":3,"featured_media":0,"parent":0,"menu_order":0,"comment_status":"closed","ping_status":"closed","template":"","meta":{"_acf_changed":false,"footnotes":""},"class_list":["post-1045","page","type-page","status-publish","hentry"],"acf":[],"_links":{"self":[{"href":"https:\/\/ajlaw.pl\/en\/wp-json\/wp\/v2\/pages\/1045","targetHints":{"allow":["GET"]}}],"collection":[{"href":"https:\/\/ajlaw.pl\/en\/wp-json\/wp\/v2\/pages"}],"about":[{"href":"https:\/\/ajlaw.pl\/en\/wp-json\/wp\/v2\/types\/page"}],"author":[{"embeddable":true,"href":"https:\/\/ajlaw.pl\/en\/wp-json\/wp\/v2\/users\/3"}],"replies":[{"embeddable":true,"href":"https:\/\/ajlaw.pl\/en\/wp-json\/wp\/v2\/comments?post=1045"}],"version-history":[{"count":1,"href":"https:\/\/ajlaw.pl\/en\/wp-json\/wp\/v2\/pages\/1045\/revisions"}],"predecessor-version":[{"id":1046,"href":"https:\/\/ajlaw.pl\/en\/wp-json\/wp\/v2\/pages\/1045\/revisions\/1046"}],"wp:attachment":[{"href":"https:\/\/ajlaw.pl\/en\/wp-json\/wp\/v2\/media?parent=1045"}],"curies":[{"name":"wp","href":"https:\/\/api.w.org\/{rel}","templated":true}]}}