{"id":473,"date":"2024-10-28T11:31:50","date_gmt":"2024-10-28T10:31:50","guid":{"rendered":"https:\/\/ajlaw.pl\/kontakt\/"},"modified":"2026-02-16T14:47:58","modified_gmt":"2026-02-16T13:47:58","slug":"kontakt","status":"publish","type":"page","link":"https:\/\/ajlaw.pl\/en\/kontakt\/","title":{"rendered":"Kontakt"},"content":{"rendered":"\r\n  <section  class=\"contact-wrapper alignwide text-align-left\">\r\n    <div class=\"contact-section\">\r\n      <h2><\/h2>\r\n      <div class=\"contact-text\">\r\n                <ul>\r\n                    <li>\r\n            <a href=\"tel:+48506144611\">+48 506 144 611<\/a>\r\n            <p>\r\n              <strong>dr Joanna Ucha\u0144ska<\/strong><span> &#8211; radczyni prawna, mediatorka s\u0105dowa<\/span>\r\n            <\/p>\r\n          <\/li>\r\n                  <li>\r\n            <a href=\"tel:+48507667690\">+48 507 667 690<\/a>\r\n            <p>\r\n              <strong>Aleksandra Diskau<\/strong><span> &#8211; radczyni prawna<\/span>\r\n            <\/p>\r\n          <\/li>\r\n                  <li>\r\n            <a href=\"mailto:office@ajlaw.pl\">office@ajlaw.pl<\/a>\r\n          <\/li>\r\n        <\/ul>\r\n        \r\n        <p>AJ LAW Ucha\u0144ska Diskau Kancelaria Radczy\u0144 prawnych sp.p.<\/p>\n<p>ul. Kornela Ujejskiego 7\/3<br \/>\n30-102 Krak\u00f3w<\/p>\n<p>KRS 0001133873<\/p>\n<p>REGON 52996880600000<br \/>\nNIP <span data-olk-copy-source=\"MessageBody\">6772517120<\/span><\/p>\n<p>Konto bankowe:<br \/>\nPL 58 8980 0009 2105 0000 8741 0001<\/p>\n<p>Adres do e-dor\u0119cze\u0144: <span data-olk-copy-source=\"MessageBody\">AE:PL-71381-88701-WESRR-37<\/span><\/p>\n      <\/div><!-- \/.contact-text -->\r\n      <div class=\"contact-form\">\r\n        \n<div class=\"wpcf7 no-js\" id=\"wpcf7-f646-o1\" lang=\"en-US\" dir=\"ltr\" data-wpcf7-id=\"646\">\n<div class=\"screen-reader-response\"><p role=\"status\" aria-live=\"polite\" aria-atomic=\"true\"><\/p> <ul><\/ul><\/div>\n<form action=\"\/en\/wp-json\/wp\/v2\/pages\/473#wpcf7-f646-o1\" method=\"post\" class=\"wpcf7-form init\" aria-label=\"Contact form\" novalidate=\"novalidate\" data-status=\"init\">\n<fieldset class=\"hidden-fields-container\"><input type=\"hidden\" name=\"_wpcf7\" value=\"646\" \/><input type=\"hidden\" name=\"_wpcf7_version\" value=\"6.1.4\" \/><input type=\"hidden\" name=\"_wpcf7_locale\" value=\"en_US\" \/><input type=\"hidden\" name=\"_wpcf7_unit_tag\" value=\"wpcf7-f646-o1\" \/><input type=\"hidden\" name=\"_wpcf7_container_post\" value=\"0\" \/><input type=\"hidden\" name=\"_wpcf7_posted_data_hash\" value=\"\" \/>\n<\/fieldset>\n<div class=\"form-row\"><label for=\"imie\">Your name<\/label><span class=\"wpcf7-form-control-wrap\" data-name=\"imie\"><input size=\"40\" maxlength=\"400\" class=\"wpcf7-form-control wpcf7-text wpcf7-validates-as-required\" id=\"imie\" aria-required=\"true\" aria-invalid=\"false\" placeholder=\"Joanna Kwiatkowska\" value=\"\" type=\"text\" name=\"imie\" \/><\/span><\/div><div class=\"form-row\"><label for=\"email\">E-mail<\/label><span class=\"wpcf7-form-control-wrap\" data-name=\"email\"><input size=\"40\" maxlength=\"400\" class=\"wpcf7-form-control wpcf7-email wpcf7-validates-as-required wpcf7-text wpcf7-validates-as-email\" id=\"email\" aria-required=\"true\" aria-invalid=\"false\" placeholder=\"joanna.kwiatkowska@domena.pl\" value=\"\" type=\"email\" name=\"email\" \/><\/span><\/div><div class=\"form-row\"><label for=\"telefon\">Phone number (optiona)<\/label><span class=\"wpcf7-form-control-wrap\" data-name=\"telefon\"><input size=\"40\" maxlength=\"400\" class=\"wpcf7-form-control wpcf7-tel wpcf7-text wpcf7-validates-as-tel\" id=\"telefon\" aria-invalid=\"false\" placeholder=\"+48 555 666 777\" value=\"\" type=\"tel\" name=\"telefon\" \/><\/span><\/div><div class=\"form-row\"><label for=\"temat\">Message subject<\/label><span class=\"wpcf7-form-control-wrap\" data-name=\"temat\"><input size=\"40\" maxlength=\"400\" class=\"wpcf7-form-control wpcf7-text wpcf7-validates-as-required\" id=\"temat\" aria-required=\"true\" aria-invalid=\"false\" placeholder=\"How can we help you?\" value=\"\" type=\"text\" name=\"temat\" \/><\/span><\/div><div class=\"form-row\"><label for=\"\">How can we help you?<\/label><span class=\"wpcf7-form-control-wrap\" data-name=\"wiadomosc\"><textarea cols=\"40\" rows=\"10\" maxlength=\"2000\" class=\"wpcf7-form-control wpcf7-textarea\" id=\"wiadomosc\" aria-invalid=\"false\" placeholder=\"Message content\" name=\"wiadomosc\"><\/textarea><\/span><\/div><div class=\"form-row\"><div class=\"checkbox-wrap\"><span class=\"wpcf7-form-control-wrap\" data-name=\"zgoda\"><span class=\"wpcf7-form-control wpcf7-acceptance\"><span class=\"wpcf7-list-item\"><label><input type=\"checkbox\" name=\"zgoda\" value=\"1\" aria-invalid=\"false\" \/><span class=\"wpcf7-list-item-label\">The administrator of your personal data is AJ LAW Ucha\u0144ska Diskau Kancelaria Radc\u00f3w Prawnych Sp\u00f3\u0142ka Partnerska with its registered office in Krakow, ul. Kornela Ujejskiego 7\/3, 30-102 Krakow, KRS: 0001133873. Your data will be processed for the purpose of correspondence. For more information on the processing of personal data, please refer to our Privacy Policy.<\/span><\/label><\/span><\/span><\/span><\/div><\/div><div class=\"form-row last\"><button class=\"btn full beige\"><span>Send<\/span><svg viewBox=\"0 0 512 512\"><use xlink:href=\"#arrow-right-long\"><\/use><\/svg><\/button><\/div><div class=\"wpcf7-response-output\" aria-hidden=\"true\"><\/div>\n<\/form>\n<\/div>\n      <\/div><!-- \/.contact-form -->\r\n    <\/div><!-- \/.contact-wrapper -->\r\n  <\/section><!-- \/.full-section -->\r\n\r\n\r\n\n\n\n<div class=\"wp-block-group alignwide google-map has-global-padding is-layout-constrained wp-block-group-is-layout-constrained\">\n<iframe src=\"https:\/\/www.google.com\/maps\/embed?pb=!1m18!1m12!1m3!1d2561.573856474832!2d19.919368491604878!3d50.056813742202266!2m3!1f0!2f0!3f0!3m2!1i1024!2i768!4f13.1!3m3!1m2!1s0x47165b74edab11e1%3A0xd0d91bb80144e163!2sKornela%20Ujejskiego%207%2C%2030-102%20Krak%C3%B3w!5e0!3m2!1spl!2spl!4v1731406553624!5m2!1spl!2spl\" width=\"100%\" height=\"100%\" style=\"border:0;\" allowfullscreen=\"\" loading=\"lazy\" referrerpolicy=\"no-referrer-when-downgrade\"><\/iframe>\n<\/div>\n\n\n\n<figure class=\"wp-block-image size-large\"><img loading=\"lazy\" decoding=\"async\" width=\"1024\" height=\"914\" src=\"https:\/\/ajlaw.pl\/wp-content\/uploads\/2024\/11\/prawniczka_komputer_telefon-e1731187548199-1024x914.jpg\" alt=\"\" class=\"wp-image-232\" srcset=\"https:\/\/ajlaw.pl\/wp-content\/uploads\/2024\/11\/prawniczka_komputer_telefon-e1731187548199-1024x914.jpg 1024w, https:\/\/ajlaw.pl\/wp-content\/uploads\/2024\/11\/prawniczka_komputer_telefon-e1731187548199-673x600.jpg 673w, https:\/\/ajlaw.pl\/wp-content\/uploads\/2024\/11\/prawniczka_komputer_telefon-e1731187548199-768x685.jpg 768w, https:\/\/ajlaw.pl\/wp-content\/uploads\/2024\/11\/prawniczka_komputer_telefon-e1731187548199.jpg 1280w\" sizes=\"auto, (max-width: 1024px) 100vw, 1024px\" \/><\/figure>\n","protected":false},"excerpt":{"rendered":"","protected":false},"author":1,"featured_media":413,"parent":0,"menu_order":0,"comment_status":"closed","ping_status":"closed","template":"","meta":{"_acf_changed":false,"footnotes":""},"class_list":["post-473","page","type-page","status-publish","has-post-thumbnail","hentry"],"acf":[],"_links":{"self":[{"href":"https:\/\/ajlaw.pl\/en\/wp-json\/wp\/v2\/pages\/473","targetHints":{"allow":["GET"]}}],"collection":[{"href":"https:\/\/ajlaw.pl\/en\/wp-json\/wp\/v2\/pages"}],"about":[{"href":"https:\/\/ajlaw.pl\/en\/wp-json\/wp\/v2\/types\/page"}],"author":[{"embeddable":true,"href":"https:\/\/ajlaw.pl\/en\/wp-json\/wp\/v2\/users\/1"}],"replies":[{"embeddable":true,"href":"https:\/\/ajlaw.pl\/en\/wp-json\/wp\/v2\/comments?post=473"}],"version-history":[{"count":3,"href":"https:\/\/ajlaw.pl\/en\/wp-json\/wp\/v2\/pages\/473\/revisions"}],"predecessor-version":[{"id":1094,"href":"https:\/\/ajlaw.pl\/en\/wp-json\/wp\/v2\/pages\/473\/revisions\/1094"}],"wp:featuredmedia":[{"embeddable":true,"href":"https:\/\/ajlaw.pl\/en\/wp-json\/wp\/v2\/media\/413"}],"wp:attachment":[{"href":"https:\/\/ajlaw.pl\/en\/wp-json\/wp\/v2\/media?parent=473"}],"curies":[{"name":"wp","href":"https:\/\/api.w.org\/{rel}","templated":true}]}}