{"id":476,"date":"2024-10-28T11:32:03","date_gmt":"2024-10-28T10:32:03","guid":{"rendered":"https:\/\/ajlaw.pl\/strona-glowna\/"},"modified":"2025-11-25T15:38:48","modified_gmt":"2025-11-25T14:38:48","slug":"strona-glowna","status":"publish","type":"page","link":"https:\/\/ajlaw.pl\/en\/","title":{"rendered":"Home"},"content":{"rendered":"\r\n  <section id=\"home-header-wrapper-1\"  class=\"home-header-wrapper alignfull text-align-left alignfull wp-block-acf-home-header\">\r\n\r\n    <header class=\"header\">\r\n      <div class=\"desc\">\r\n        <div class=\"container-flex\">\r\n          <div class=\"text\">\r\n            \n\n<p>You are on the website<\/p>\n\n\n\n<h1 class=\"wp-block-heading\">A Law Firm of Legal Counsels from Krak\u00f3w. Looking for legal support? You&#8217;ve come to the right place.<\/h1>\n\n\n\n<div class=\"wp-block-buttons is-content-justification-center is-layout-flex wp-container-core-buttons-is-layout-a89b3969 wp-block-buttons-is-layout-flex\">\n<div class=\"wp-block-button\"><a class=\"wp-block-button__link wp-element-button\" href=\"https:\/\/ajlaw.pl\/en\/who-we-are\/\">Get to know us better<\/a><\/div>\n<\/div>\n\n\r\n          <\/div><!-- \/.text -->\r\n        <\/div><!-- \/.container-flex -->\r\n      <\/div><!-- \/.desc -->\r\n      <div class=\"video\">\r\n        <video playsinline autoplay muted loop poster=\"https:\/\/ajlaw.pl\/wp-content\/themes\/ajlaw\/images\/home-header.jpg\" id=\"bgvid\">\r\n          <source src=\"https:\/\/ajlaw.pl\/wp-content\/themes\/ajlaw\/video\/video.mp4\" type=\"video\/mp4\">\r\n        <\/video>\r\n      <\/div><!-- \/.video -->\r\n    <\/header><!-- \/.header -->\r\n\r\n  <\/section><!-- \/.full-section -->\r\n\n\n\r\n  <section id=\"photo-with-text-1\"  class=\"photo-with-text alignfull text-align-left alignfull wp-block-acf-photo-with-text\">\r\n    <div class=\"photo\">\r\n          <img decoding=\"async\" loading=\"lazy\" src=\"https:\/\/ajlaw.pl\/wp-content\/uploads\/2024\/10\/kim-jestesmy.webp\" alt=\"\" width=\"1280\" height=\"1400\">\r\n          <\/div><!-- \/.photo -->\r\n    <div class=\"desc\">\r\n      <div class=\"text\">\r\n        \n\n<h2 class=\"wp-block-heading\">Who are we?<\/h2>\n\n\n\n<p>We are a team of experienced legal counsels based in Krak\u00f3w. We operate wherever and whenever you need us.<\/p>\n\n\n\n<p>Our mission is to support your business so that you can focus on what matters most \u2013 improving your clients\u2019 quality of life and turning your dreams into reality.<\/p>\n\n\n\n<p>We offer comprehensive legal services that help you stay compliant, protect your interests, and grow your business. Trust our expertise and join the community of satisfied AJ LAW clients!<\/p>\n\n\n\n<div class=\"wp-block-buttons is-layout-flex wp-block-buttons-is-layout-flex\">\n<div class=\"wp-block-button\"><a class=\"wp-block-button__link wp-element-button\" href=\"https:\/\/ajlaw.pl\/en\/who-we-are\/\">Get to know us better<\/a><\/div>\n<\/div>\n\n\r\n      <\/div><!-- \/.text -->\r\n    <\/div><!-- \/.desc -->\r\n  <\/section><!-- \/.photo-with-text left-photo -->\r\n\n\n\r\n  <section id=\"photo-with-text-2\"  class=\"photo-with-text alignfull text-align-left alignfull is-style-right-photo wp-block-acf-photo-with-text\">\r\n    <div class=\"photo\">\r\n          <img decoding=\"async\" loading=\"lazy\" src=\"https:\/\/ajlaw.pl\/wp-content\/uploads\/2024\/10\/co-robimy.webp\" alt=\"\" width=\"1280\" height=\"1400\">\r\n          <\/div><!-- \/.photo -->\r\n    <div class=\"desc\">\r\n      <div class=\"text\">\r\n        \n\n<h2 class=\"wp-block-heading\">What do we do?<\/h2>\n\n\n\n<p>We specialize in <strong>the life sciences<\/strong> and <strong>healthcare sectors<\/strong>, including <strong>medicine, pharmaceuticals, food, special category food, the beauty industry, and biotechnology.<\/strong><\/p>\n\n\n\n<p>We also provide legal services for other industries, particularly in the areas of <strong>intellectual property, protection of personal rights, and protection against unfair competition.<\/strong><\/p>\n\n\n\n<p>We provide our clients across various industries with:<\/p>\n\n\n\n<ul class=\"wp-block-list\">\n<li>Legal support for products and services<\/li>\n\n\n\n<li>Corporate legal services<\/li>\n\n\n\n<li>Representation before courts and administrative bodies<\/li>\n\n\n\n<li>Conducting negotiations and mediation<\/li>\n\n\n\n<li>Trainings and workshops<\/li>\n<\/ul>\n\n\n\n<p>Check out what we do in detail and start working with us.<\/p>\n\n\n\n<div class=\"wp-block-buttons is-layout-flex wp-block-buttons-is-layout-flex\">\n<div class=\"wp-block-button\"><a class=\"wp-block-button__link wp-element-button\" href=\"https:\/\/ajlaw.pl\/en\/services\/\">Our services<\/a><\/div>\n<\/div>\n\n\r\n      <\/div><!-- \/.text -->\r\n    <\/div><!-- \/.desc -->\r\n  <\/section><!-- \/.photo-with-text left-photo -->\r\n\n\n\r\n  <section id=\"photo-with-text-3\"  class=\"photo-with-text alignfull text-align-left alignfull wp-block-acf-photo-with-text\">\r\n    <div class=\"photo\">\r\n          <img decoding=\"async\" loading=\"lazy\" src=\"https:\/\/ajlaw.pl\/wp-content\/uploads\/2024\/10\/komu-pomagamy.webp\" alt=\"\" width=\"1280\" height=\"1400\">\r\n          <\/div><!-- \/.photo -->\r\n    <div class=\"desc\">\r\n      <div class=\"text\">\r\n        \n\n<h2 class=\"wp-block-heading\">Who do we help?<\/h2>\n\n\n\n<p>We serve corporate clients and professionals.<\/p>\n\n\n\n<p>We specialize in providing legal services to companies in<strong> the Life Sciences <\/strong>and <strong>Healthcare sectors.<\/strong><\/p>\n\n\n\n<p>We also provide legal advisory services to <strong>the advertising <\/strong>and <strong>marketing industries<\/strong>, as well as to other sectors of the economy.<\/p>\n\n\n\n<p>We see law as a mission, which is why we also offer Pro Bono support.<\/p>\n\n\n\n<p>Take a look at the specializations and specific services we offer for each industry.<\/p>\n\n\n\n<div class=\"wp-block-buttons is-layout-flex wp-block-buttons-is-layout-flex\">\n<div class=\"wp-block-button\"><a class=\"wp-block-button__link wp-element-button\" href=\"https:\/\/ajlaw.pl\/en\/industries\/\"><strong>Check out the industries<\/strong><\/a><\/div>\n<\/div>\n\n\r\n      <\/div><!-- \/.text -->\r\n    <\/div><!-- \/.desc -->\r\n  <\/section><!-- \/.photo-with-text left-photo -->\r\n\n\n\n<div class=\"wp-block-group alignfull team-wrapper has-global-padding is-layout-constrained wp-container-core-group-is-layout-7057ef74 wp-block-group-is-layout-constrained\" style=\"padding-right:var(--wp--preset--spacing--flex-32);padding-left:var(--wp--preset--spacing--flex-32)\">\n<h2 class=\"wp-block-heading\">Founders AJ LAW<\/h2>\n\n\n\r\n\r\n  <section id=\"team-grid-1\"  class=\"team-grid text-align-left alignwide wp-block-acf-home-team\">\r\n        <div class=\"box\">\r\n      <div class=\"desc\">\r\n        <div class=\"text\">\r\n          <h3><a href=\"https:\/\/ajlaw.pl\/en\/osoba\/dr-joanna-uchanska\/\">dr Joanna Ucha\u0144ska<\/a><\/h3>\r\n          <p>Legal adviser, court mediator<\/p>\r\n                    <div class=\"linkedin\">\r\n            <a href=\"https:\/\/www.linkedin.com\/in\/dr-joanna-ucha%C5%84ska?utm_source=share&#038;utm_campaign=share_via&#038;utm_content=profile&#038;utm_medium=android_app\" target=\"_blank\" rel=\"nofollow noopener\">\r\n              <svg viewBox=\"0 0 438.536 438.535\"><use xlink:href=\"#linkedin\"><\/use><\/svg>\r\n            <\/a>\r\n          <\/div><!-- \/.linkedin -->\r\n                  <\/div><!-- \/.text -->\r\n      <\/div><!-- \/.desc -->\r\n      <div class=\"photo\">\r\n                <img decoding=\"async\" loading=\"lazy\" src=\"https:\/\/ajlaw.pl\/wp-content\/uploads\/2024\/10\/joanna-uchanska-home.webp\" alt=\"\" width=\"800\" height=\"1200\">\r\n      <\/div><!-- \/.photo -->\r\n    <\/div><!-- \/.box -->\r\n        <div class=\"box\">\r\n      <div class=\"desc\">\r\n        <div class=\"text\">\r\n          <h3><a href=\"https:\/\/ajlaw.pl\/en\/osoba\/aleksandra-krupska\/\">Aleksandra Diskau<\/a><\/h3>\r\n          <p>Legal advisor<\/p>\r\n                    <div class=\"linkedin\">\r\n            <a href=\"https:\/\/www.linkedin.com\/in\/aleksandra-diskau-548594338?utm_source=share&#038;utm_campaign=share_via&#038;utm_content=profile&#038;utm_medium=android_app\" target=\"_blank\" rel=\"nofollow noopener\">\r\n              <svg viewBox=\"0 0 438.536 438.535\"><use xlink:href=\"#linkedin\"><\/use><\/svg>\r\n            <\/a>\r\n          <\/div><!-- \/.linkedin -->\r\n                  <\/div><!-- \/.text -->\r\n      <\/div><!-- \/.desc -->\r\n      <div class=\"photo\">\r\n                <img decoding=\"async\" loading=\"lazy\" src=\"https:\/\/ajlaw.pl\/wp-content\/uploads\/2024\/10\/aleksandra-krupska-home.webp\" alt=\"\" width=\"800\" height=\"1200\">\r\n      <\/div><!-- \/.photo -->\r\n    <\/div><!-- \/.box -->\r\n      <\/section><!-- \/.team-grid -->\r\n<\/div>\n\n\n\r\n  <section  class=\"contact-wrapper alignwide text-align-left\">\r\n    <div class=\"contact-section\">\r\n      <h2><\/h2>\r\n      <div class=\"contact-text\">\r\n                <ul>\r\n                    <li>\r\n            <a href=\"tel:+48506144611\">+48 506 144 611<\/a>\r\n            <p>\r\n              <strong>dr Joanna Ucha\u0144ska<\/strong><span> &#8211; legal counsel, court mediator<\/span>\r\n            <\/p>\r\n          <\/li>\r\n                  <li>\r\n            <a href=\"tel:+48507667690\">+48 507 667 690<\/a>\r\n            <p>\r\n              <strong>Aleksandra Diskau<\/strong><span> &#8211; legal counsel<\/span>\r\n            <\/p>\r\n          <\/li>\r\n                  <li>\r\n            <a href=\"mailto:office@ajlaw.pl\">office@ajlaw.pl<\/a>\r\n          <\/li>\r\n        <\/ul>\r\n        \r\n        <p>AJ LAW Ucha\u0144ska Diskau Legal Advisors sp.p.<\/p>\n<p>7\/3 Kornel Ujejski Street<br \/>\n30-102 Krak\u00f3w, Poland<\/p>\n<p>National Court Register 0001133873<\/p>\n<p>Business Registry Number 52996880600000<br \/>\nTAX ID <span data-olk-copy-source=\"MessageBody\">6772517120<\/span><\/p>\n<p>Bank account:<br \/>\nPL 58 8980 0009 2105 0000 8741 0001<\/p>\n      <\/div><!-- \/.contact-text -->\r\n      <div class=\"contact-form\">\r\n        \n<div class=\"wpcf7 no-js\" id=\"wpcf7-f646-o1\" lang=\"en-US\" dir=\"ltr\" data-wpcf7-id=\"646\">\n<div class=\"screen-reader-response\"><p role=\"status\" aria-live=\"polite\" aria-atomic=\"true\"><\/p> <ul><\/ul><\/div>\n<form action=\"\/en\/wp-json\/wp\/v2\/pages\/476#wpcf7-f646-o1\" method=\"post\" class=\"wpcf7-form init\" aria-label=\"Contact form\" novalidate=\"novalidate\" data-status=\"init\">\n<fieldset class=\"hidden-fields-container\"><input type=\"hidden\" name=\"_wpcf7\" value=\"646\" \/><input type=\"hidden\" name=\"_wpcf7_version\" value=\"6.1.4\" \/><input type=\"hidden\" name=\"_wpcf7_locale\" value=\"en_US\" \/><input type=\"hidden\" name=\"_wpcf7_unit_tag\" value=\"wpcf7-f646-o1\" \/><input type=\"hidden\" name=\"_wpcf7_container_post\" value=\"0\" \/><input type=\"hidden\" name=\"_wpcf7_posted_data_hash\" value=\"\" \/>\n<\/fieldset>\n<div class=\"form-row\"><label for=\"imie\">Your name<\/label><span class=\"wpcf7-form-control-wrap\" data-name=\"imie\"><input size=\"40\" maxlength=\"400\" class=\"wpcf7-form-control wpcf7-text wpcf7-validates-as-required\" id=\"imie\" aria-required=\"true\" aria-invalid=\"false\" placeholder=\"Joanna Kwiatkowska\" value=\"\" type=\"text\" name=\"imie\" \/><\/span><\/div><div class=\"form-row\"><label for=\"email\">E-mail<\/label><span class=\"wpcf7-form-control-wrap\" data-name=\"email\"><input size=\"40\" maxlength=\"400\" class=\"wpcf7-form-control wpcf7-email wpcf7-validates-as-required wpcf7-text wpcf7-validates-as-email\" id=\"email\" aria-required=\"true\" aria-invalid=\"false\" placeholder=\"joanna.kwiatkowska@domena.pl\" value=\"\" type=\"email\" name=\"email\" \/><\/span><\/div><div class=\"form-row\"><label for=\"telefon\">Phone number (optiona)<\/label><span class=\"wpcf7-form-control-wrap\" data-name=\"telefon\"><input size=\"40\" maxlength=\"400\" class=\"wpcf7-form-control wpcf7-tel wpcf7-text wpcf7-validates-as-tel\" id=\"telefon\" aria-invalid=\"false\" placeholder=\"+48 555 666 777\" value=\"\" type=\"tel\" name=\"telefon\" \/><\/span><\/div><div class=\"form-row\"><label for=\"temat\">Message subject<\/label><span class=\"wpcf7-form-control-wrap\" data-name=\"temat\"><input size=\"40\" maxlength=\"400\" class=\"wpcf7-form-control wpcf7-text wpcf7-validates-as-required\" id=\"temat\" aria-required=\"true\" aria-invalid=\"false\" placeholder=\"How can we help you?\" value=\"\" type=\"text\" name=\"temat\" \/><\/span><\/div><div class=\"form-row\"><label for=\"\">How can we help you?<\/label><span class=\"wpcf7-form-control-wrap\" data-name=\"wiadomosc\"><textarea cols=\"40\" rows=\"10\" maxlength=\"2000\" class=\"wpcf7-form-control wpcf7-textarea\" id=\"wiadomosc\" aria-invalid=\"false\" placeholder=\"Message content\" name=\"wiadomosc\"><\/textarea><\/span><\/div><div class=\"form-row\"><div class=\"checkbox-wrap\"><span class=\"wpcf7-form-control-wrap\" data-name=\"zgoda\"><span class=\"wpcf7-form-control wpcf7-acceptance\"><span class=\"wpcf7-list-item\"><label><input type=\"checkbox\" name=\"zgoda\" value=\"1\" aria-invalid=\"false\" \/><span class=\"wpcf7-list-item-label\">The administrator of your personal data is AJ LAW Ucha\u0144ska Diskau Kancelaria Radc\u00f3w Prawnych Sp\u00f3\u0142ka Partnerska with its registered office in Krakow, ul. Kornela Ujejskiego 7\/3, 30-102 Krakow, KRS: 0001133873. Your data will be processed for the purpose of correspondence. For more information on the processing of personal data, please refer to our Privacy Policy.<\/span><\/label><\/span><\/span><\/span><\/div><\/div><div class=\"form-row last\"><button class=\"btn full beige\"><span>Send<\/span><svg viewBox=\"0 0 512 512\"><use xlink:href=\"#arrow-right-long\"><\/use><\/svg><\/button><\/div><div class=\"wpcf7-response-output\" aria-hidden=\"true\"><\/div>\n<\/form>\n<\/div>\n      <\/div><!-- \/.contact-form -->\r\n    <\/div><!-- \/.contact-wrapper -->\r\n  <\/section><!-- \/.full-section -->\r\n\r\n\r\n","protected":false},"excerpt":{"rendered":"<p>Founders AJ LAW<\/p>\n","protected":false},"author":1,"featured_media":0,"parent":0,"menu_order":0,"comment_status":"closed","ping_status":"closed","template":"","meta":{"_acf_changed":false,"footnotes":""},"class_list":["post-476","page","type-page","status-publish","hentry"],"acf":[],"_links":{"self":[{"href":"https:\/\/ajlaw.pl\/en\/wp-json\/wp\/v2\/pages\/476","targetHints":{"allow":["GET"]}}],"collection":[{"href":"https:\/\/ajlaw.pl\/en\/wp-json\/wp\/v2\/pages"}],"about":[{"href":"https:\/\/ajlaw.pl\/en\/wp-json\/wp\/v2\/types\/page"}],"author":[{"embeddable":true,"href":"https:\/\/ajlaw.pl\/en\/wp-json\/wp\/v2\/users\/1"}],"replies":[{"embeddable":true,"href":"https:\/\/ajlaw.pl\/en\/wp-json\/wp\/v2\/comments?post=476"}],"version-history":[{"count":6,"href":"https:\/\/ajlaw.pl\/en\/wp-json\/wp\/v2\/pages\/476\/revisions"}],"predecessor-version":[{"id":970,"href":"https:\/\/ajlaw.pl\/en\/wp-json\/wp\/v2\/pages\/476\/revisions\/970"}],"wp:attachment":[{"href":"https:\/\/ajlaw.pl\/en\/wp-json\/wp\/v2\/media?parent=476"}],"curies":[{"name":"wp","href":"https:\/\/api.w.org\/{rel}","templated":true}]}}