{"id":480,"date":"2024-10-28T11:32:13","date_gmt":"2024-10-28T10:32:13","guid":{"rendered":"https:\/\/ajlaw.pl\/uslugi\/"},"modified":"2025-06-20T15:41:04","modified_gmt":"2025-06-20T13:41:04","slug":"services","status":"publish","type":"page","link":"https:\/\/ajlaw.pl\/en\/services\/","title":{"rendered":"Services"},"content":{"rendered":"\n<figure class=\"wp-block-gallery alignwide has-nested-images columns-default wp-block-gallery-1 is-layout-flex wp-block-gallery-is-layout-flex\">\n<figure class=\"wp-block-image size-full\"><img loading=\"lazy\" decoding=\"async\" width=\"800\" height=\"533\" data-id=\"117\" src=\"https:\/\/ajlaw.pl\/wp-content\/uploads\/2024\/10\/ajlaw-uslugi-1.webp\" alt=\"\" class=\"wp-image-117\" srcset=\"https:\/\/ajlaw.pl\/wp-content\/uploads\/2024\/10\/ajlaw-uslugi-1.webp 800w, https:\/\/ajlaw.pl\/wp-content\/uploads\/2024\/10\/ajlaw-uslugi-1-768x512.webp 768w\" sizes=\"auto, (max-width: 800px) 100vw, 800px\" \/><\/figure>\n\n\n\n<figure class=\"wp-block-image size-full\"><img loading=\"lazy\" decoding=\"async\" width=\"800\" height=\"534\" data-id=\"227\" src=\"https:\/\/ajlaw.pl\/wp-content\/uploads\/2024\/11\/kodeksy_prawo-1-e1731000682449.jpg\" alt=\"\" class=\"wp-image-227\" srcset=\"https:\/\/ajlaw.pl\/wp-content\/uploads\/2024\/11\/kodeksy_prawo-1-e1731000682449.jpg 800w, https:\/\/ajlaw.pl\/wp-content\/uploads\/2024\/11\/kodeksy_prawo-1-e1731000682449-768x513.jpg 768w\" sizes=\"auto, (max-width: 800px) 100vw, 800px\" \/><\/figure>\n<\/figure>\n\n\n\r\n  <section id=\"accordion-wrapper-1\"  class=\"accordion-wrapper alignwide text-align-left alignwide wp-block-acf-accordion-content\">\r\n\r\n        <div class=\"offer-list with-margin\">\r\n              <div class=\"offer-list-row\">\r\n          <h2><a href=\"https:\/\/ajlaw.pl\/en\/usluga\/szkolenia-warsztaty-konferencje\/\" title=\"Training, Workshops, Conferences: Sharing Our Knowledge\" rel=\"bookmark\">Training, Workshops, Conferences: Sharing Our Knowledge<\/a><svg viewBox=\"0 0 512 512\"><use xlink:href=\"#arrow-right-long\"><\/use><\/svg><\/h2>\r\n        <\/div><!-- \/.offer-list-row -->\r\n              <div class=\"offer-list-row\">\r\n          <h2><a href=\"https:\/\/ajlaw.pl\/en\/usluga\/uslugi-mediacji-i-negocjacji\/\" title=\"Mediation and negotiation services: do you want to be right, or do you want a relationship\" rel=\"bookmark\">Mediation and negotiation services: do you want to be right, or do you want a relationship<\/a><svg viewBox=\"0 0 512 512\"><use xlink:href=\"#arrow-right-long\"><\/use><\/svg><\/h2>\r\n        <\/div><!-- \/.offer-list-row -->\r\n              <div class=\"offer-list-row\">\r\n          <h2><a href=\"https:\/\/ajlaw.pl\/en\/usluga\/reprezentacja-przed-sadami\/\" title=\"Representation before courts and authorities \u2013 it&#8217;s better not to go to court, but if you must, go with us\" rel=\"bookmark\">Representation before courts and authorities \u2013 it&#8217;s better not to go to court, but if you must, go with us<\/a><svg viewBox=\"0 0 512 512\"><use xlink:href=\"#arrow-right-long\"><\/use><\/svg><\/h2>\r\n        <\/div><!-- \/.offer-list-row -->\r\n              <div class=\"offer-list-row\">\r\n          <h2><a href=\"https:\/\/ajlaw.pl\/en\/usluga\/obsluga-korporacyjna\/\" title=\"Corporate Services: Everything You Want to Ask About at 4 AM\" rel=\"bookmark\">Corporate Services: Everything You Want to Ask About at 4 AM<\/a><svg viewBox=\"0 0 512 512\"><use xlink:href=\"#arrow-right-long\"><\/use><\/svg><\/h2>\r\n        <\/div><!-- \/.offer-list-row -->\r\n              <div class=\"offer-list-row\">\r\n          <h2><a href=\"https:\/\/ajlaw.pl\/en\/usluga\/wsparcie-prawne-produktow-i-uslug\/\" title=\"Legal Support for Your Products and Services, from Concept to Shelf\" rel=\"bookmark\">Legal Support for Your Products and Services, from Concept to Shelf<\/a><svg viewBox=\"0 0 512 512\"><use xlink:href=\"#arrow-right-long\"><\/use><\/svg><\/h2>\r\n        <\/div><!-- \/.offer-list-row -->\r\n              <div class=\"offer-list-row\">\r\n          <h2><a href=\"https:\/\/ajlaw.pl\/en\/usluga\/pro-bono\/\" title=\"Pro Bono, Because We Care\" rel=\"bookmark\">Pro Bono, Because We Care<\/a><svg viewBox=\"0 0 512 512\"><use xlink:href=\"#arrow-right-long\"><\/use><\/svg><\/h2>\r\n        <\/div><!-- \/.offer-list-row -->\r\n          <\/div><!-- \/.offer-list -->\r\n    \r\n    \r\n  <\/section><!-- \/.full-section -->\r\n\r\n\n\n\r\n  <section  class=\"contact-wrapper alignwide text-align-left\">\r\n    <div class=\"contact-section\">\r\n      <h2>Contact<\/h2>\r\n      <div class=\"contact-text\">\r\n                <ul>\r\n                    <li>\r\n            <a href=\"tel:+48506144611\">+48 506 144 611<\/a>\r\n            <p>\r\n              <strong>dr Joanna Ucha\u0144ska<\/strong><span> &#8211; legal counsel, court mediator<\/span>\r\n            <\/p>\r\n          <\/li>\r\n                  <li>\r\n            <a href=\"tel:+48507667690\">+48 507 667 690<\/a>\r\n            <p>\r\n              <strong>Aleksandra Diskau<\/strong><span> &#8211; legal counsel<\/span>\r\n            <\/p>\r\n          <\/li>\r\n                  <li>\r\n            <a href=\"mailto:office@ajlaw.pl\">office@ajlaw.pl<\/a>\r\n          <\/li>\r\n        <\/ul>\r\n        \r\n        <p>AJ LAW Ucha\u0144ska Diskau Legal Advisors sp.p.<\/p>\n<p>7\/3 Kornel Ujejski Street<br \/>\n30-102 Krak\u00f3w, Poland<\/p>\n<p>National Court Register 0001133873<\/p>\n<p>Business Registry Number 52996880600000<br \/>\nTAX ID <span data-olk-copy-source=\"MessageBody\">6772517120<\/span><\/p>\n<p>Bank account:<br \/>\nPL 58 8980 0009 2105 0000 8741 0001<\/p>\n      <\/div><!-- \/.contact-text -->\r\n      <div class=\"contact-form\">\r\n        \n<div class=\"wpcf7 no-js\" id=\"wpcf7-f646-o1\" lang=\"en-US\" dir=\"ltr\" data-wpcf7-id=\"646\">\n<div class=\"screen-reader-response\"><p role=\"status\" aria-live=\"polite\" aria-atomic=\"true\"><\/p> <ul><\/ul><\/div>\n<form action=\"\/en\/wp-json\/wp\/v2\/pages\/480#wpcf7-f646-o1\" method=\"post\" class=\"wpcf7-form init\" aria-label=\"Contact form\" novalidate=\"novalidate\" data-status=\"init\">\n<fieldset class=\"hidden-fields-container\"><input type=\"hidden\" name=\"_wpcf7\" value=\"646\" \/><input type=\"hidden\" name=\"_wpcf7_version\" value=\"6.1.4\" \/><input type=\"hidden\" name=\"_wpcf7_locale\" value=\"en_US\" \/><input type=\"hidden\" name=\"_wpcf7_unit_tag\" value=\"wpcf7-f646-o1\" \/><input type=\"hidden\" name=\"_wpcf7_container_post\" value=\"0\" \/><input type=\"hidden\" name=\"_wpcf7_posted_data_hash\" value=\"\" \/>\n<\/fieldset>\n<div class=\"form-row\"><label for=\"imie\">Your name<\/label><span class=\"wpcf7-form-control-wrap\" data-name=\"imie\"><input size=\"40\" maxlength=\"400\" class=\"wpcf7-form-control wpcf7-text wpcf7-validates-as-required\" id=\"imie\" aria-required=\"true\" aria-invalid=\"false\" placeholder=\"Joanna Kwiatkowska\" value=\"\" type=\"text\" name=\"imie\" \/><\/span><\/div><div class=\"form-row\"><label for=\"email\">E-mail<\/label><span class=\"wpcf7-form-control-wrap\" data-name=\"email\"><input size=\"40\" maxlength=\"400\" class=\"wpcf7-form-control wpcf7-email wpcf7-validates-as-required wpcf7-text wpcf7-validates-as-email\" id=\"email\" aria-required=\"true\" aria-invalid=\"false\" placeholder=\"joanna.kwiatkowska@domena.pl\" value=\"\" type=\"email\" name=\"email\" \/><\/span><\/div><div class=\"form-row\"><label for=\"telefon\">Phone number (optiona)<\/label><span class=\"wpcf7-form-control-wrap\" data-name=\"telefon\"><input size=\"40\" maxlength=\"400\" class=\"wpcf7-form-control wpcf7-tel wpcf7-text wpcf7-validates-as-tel\" id=\"telefon\" aria-invalid=\"false\" placeholder=\"+48 555 666 777\" value=\"\" type=\"tel\" name=\"telefon\" \/><\/span><\/div><div class=\"form-row\"><label for=\"temat\">Message subject<\/label><span class=\"wpcf7-form-control-wrap\" data-name=\"temat\"><input size=\"40\" maxlength=\"400\" class=\"wpcf7-form-control wpcf7-text wpcf7-validates-as-required\" id=\"temat\" aria-required=\"true\" aria-invalid=\"false\" placeholder=\"How can we help you?\" value=\"\" type=\"text\" name=\"temat\" \/><\/span><\/div><div class=\"form-row\"><label for=\"\">How can we help you?<\/label><span class=\"wpcf7-form-control-wrap\" data-name=\"wiadomosc\"><textarea cols=\"40\" rows=\"10\" maxlength=\"2000\" class=\"wpcf7-form-control wpcf7-textarea\" id=\"wiadomosc\" aria-invalid=\"false\" placeholder=\"Message content\" name=\"wiadomosc\"><\/textarea><\/span><\/div><div class=\"form-row\"><div class=\"checkbox-wrap\"><span class=\"wpcf7-form-control-wrap\" data-name=\"zgoda\"><span class=\"wpcf7-form-control wpcf7-acceptance\"><span class=\"wpcf7-list-item\"><label><input type=\"checkbox\" name=\"zgoda\" value=\"1\" aria-invalid=\"false\" \/><span class=\"wpcf7-list-item-label\">The administrator of your personal data is AJ LAW Ucha\u0144ska Diskau Kancelaria Radc\u00f3w Prawnych Sp\u00f3\u0142ka Partnerska with its registered office in Krakow, ul. Kornela Ujejskiego 7\/3, 30-102 Krakow, KRS: 0001133873. Your data will be processed for the purpose of correspondence. For more information on the processing of personal data, please refer to our Privacy Policy.<\/span><\/label><\/span><\/span><\/span><\/div><\/div><div class=\"form-row last\"><button class=\"btn full beige\"><span>Send<\/span><svg viewBox=\"0 0 512 512\"><use xlink:href=\"#arrow-right-long\"><\/use><\/svg><\/button><\/div><div class=\"wpcf7-response-output\" aria-hidden=\"true\"><\/div>\n<\/form>\n<\/div>\n      <\/div><!-- \/.contact-form -->\r\n    <\/div><!-- \/.contact-wrapper -->\r\n  <\/section><!-- \/.full-section -->\r\n\r\n\r\n","protected":false},"excerpt":{"rendered":"","protected":false},"author":1,"featured_media":0,"parent":0,"menu_order":0,"comment_status":"closed","ping_status":"closed","template":"","meta":{"_acf_changed":false,"footnotes":""},"class_list":["post-480","page","type-page","status-publish","hentry"],"acf":[],"_links":{"self":[{"href":"https:\/\/ajlaw.pl\/en\/wp-json\/wp\/v2\/pages\/480","targetHints":{"allow":["GET"]}}],"collection":[{"href":"https:\/\/ajlaw.pl\/en\/wp-json\/wp\/v2\/pages"}],"about":[{"href":"https:\/\/ajlaw.pl\/en\/wp-json\/wp\/v2\/types\/page"}],"author":[{"embeddable":true,"href":"https:\/\/ajlaw.pl\/en\/wp-json\/wp\/v2\/users\/1"}],"replies":[{"embeddable":true,"href":"https:\/\/ajlaw.pl\/en\/wp-json\/wp\/v2\/comments?post=480"}],"version-history":[{"count":1,"href":"https:\/\/ajlaw.pl\/en\/wp-json\/wp\/v2\/pages\/480\/revisions"}],"predecessor-version":[{"id":482,"href":"https:\/\/ajlaw.pl\/en\/wp-json\/wp\/v2\/pages\/480\/revisions\/482"}],"wp:attachment":[{"href":"https:\/\/ajlaw.pl\/en\/wp-json\/wp\/v2\/media?parent=480"}],"curies":[{"name":"wp","href":"https:\/\/api.w.org\/{rel}","templated":true}]}}