{"id":483,"date":"2024-10-28T11:32:20","date_gmt":"2024-10-28T10:32:20","guid":{"rendered":"https:\/\/ajlaw.pl\/zasady-wspolpracy\/"},"modified":"2025-06-20T15:43:17","modified_gmt":"2025-06-20T13:43:17","slug":"collaboration-terms","status":"publish","type":"page","link":"https:\/\/ajlaw.pl\/en\/collaboration-terms\/","title":{"rendered":"Collaboration terms"},"content":{"rendered":"\n<figure class=\"wp-block-image alignwide size-full\"><img loading=\"lazy\" decoding=\"async\" width=\"1920\" height=\"400\" src=\"https:\/\/ajlaw.pl\/wp-content\/uploads\/2024\/11\/wizytowki-kancelaria-ajlaw.webp\" alt=\"\" class=\"wp-image-185\" srcset=\"https:\/\/ajlaw.pl\/wp-content\/uploads\/2024\/11\/wizytowki-kancelaria-ajlaw.webp 1920w, https:\/\/ajlaw.pl\/wp-content\/uploads\/2024\/11\/wizytowki-kancelaria-ajlaw-800x167.webp 800w, https:\/\/ajlaw.pl\/wp-content\/uploads\/2024\/11\/wizytowki-kancelaria-ajlaw-1024x213.webp 1024w, https:\/\/ajlaw.pl\/wp-content\/uploads\/2024\/11\/wizytowki-kancelaria-ajlaw-768x160.webp 768w, https:\/\/ajlaw.pl\/wp-content\/uploads\/2024\/11\/wizytowki-kancelaria-ajlaw-1536x320.webp 1536w\" sizes=\"auto, (max-width: 1920px) 100vw, 1920px\" \/><\/figure>\n\n\n\n<p>We provide legal services based on hourly billing, flat fees, or a hybrid model.<br>Our services are tailored to fit individual needs, depending on:<\/p>\n\n\n\n<ol class=\"wp-block-list\">\n<li>What do you need from us?<\/li>\n\n\n\n<li>How would you like to work with us?<\/li>\n\n\n\n<li>How often do you need our support?<\/li>\n\n\n\n<li>During which hours do you need our assistance?<\/li>\n\n\n\n<li>What form of collaboration suits you best?<\/li>\n\n\n\n<li>Where do you need our support?<\/li>\n\n\n\n<li>Do you prefer our assistance to be online or offline?<\/li>\n\n\n\n<li>Do you have any other criteria we should consider when setting pricing terms?<\/li>\n<\/ol>\n\n\n\n<hr class=\"wp-block-separator has-alpha-channel-opacity is-style-wide\"\/>\n\n\n\n<h2 class=\"wp-block-heading\">8 quick steps to start working with us<\/h2>\n\n\n\r\n  <section id=\"how-we-work-row-1\"  class=\"how-we-work-row text-align-left align wp-block-acf-how-we-work-row\">\r\n    <div class=\"photo\">\r\n          <img decoding=\"async\" loading=\"lazy\" src=\"https:\/\/ajlaw.pl\/wp-content\/uploads\/2024\/10\/zasady-wspolpracy-1.webp\" alt=\"\" width=\"260\" height=\"218\">\r\n          <\/div><!-- \/.photo -->\r\n    <div class=\"desc\">\r\n      <div class=\"text\">\r\n        \n\n<p><strong><strong>First contact<\/strong><\/strong><\/p>\n\n\n\n<ol class=\"wp-block-list\">\n<li>Call us, send an email, or contact us via social media.<\/li>\n\n\n\n<li>We\u2019ll schedule an online or in-person meeting \u2014 or feel free to visit us at our office. We\u2019ll be happy to welcome you with a cup of coffee or tea. Let\u2019s talk.<\/li>\n<\/ol>\n\n\r\n      <\/div><!-- \/.text -->\r\n    <\/div><!-- \/.desc -->\r\n  <\/section><!-- \/.photo-with-text left-photo -->\r\n\n\n\r\n  <section id=\"how-we-work-row-2\"  class=\"how-we-work-row text-align-left align wp-block-acf-how-we-work-row\">\r\n    <div class=\"photo\">\r\n          <img decoding=\"async\" loading=\"lazy\" src=\"https:\/\/ajlaw.pl\/wp-content\/uploads\/2024\/10\/zasady-wspolpracy-2.webp\" alt=\"\" width=\"260\" height=\"226\">\r\n          <\/div><!-- \/.photo -->\r\n    <div class=\"desc\">\r\n      <div class=\"text\">\r\n        \n\n<p><strong><strong>Meeting and conversation<\/strong><\/strong><\/p>\n\n\n\n<ol start=\"3\" class=\"wp-block-list\">\n<li>You\u2019ll tell us what kind of collaboration you\u2019re looking for and what your needs are.<\/li>\n\n\n\n<li>We\u2019ll explain how we work, what our cooperation principles are, and how we calculate our fees.<\/li>\n\n\n\n<li>Together, we\u2019ll discuss your expectations, questions, and suggestions \u2014 and simply have a good conversation.<\/li>\n<\/ol>\n\n\r\n      <\/div><!-- \/.text -->\r\n    <\/div><!-- \/.desc -->\r\n  <\/section><!-- \/.photo-with-text left-photo -->\r\n\n\n\r\n  <section id=\"how-we-work-row-3\"  class=\"how-we-work-row text-align-left align wp-block-acf-how-we-work-row\">\r\n    <div class=\"photo\">\r\n          <img decoding=\"async\" loading=\"lazy\" src=\"https:\/\/ajlaw.pl\/wp-content\/uploads\/2024\/10\/zasady-wspolpracy-3.webp\" alt=\"\" width=\"260\" height=\"186\">\r\n          <\/div><!-- \/.photo -->\r\n    <div class=\"desc\">\r\n      <div class=\"text\">\r\n        \n\n<p><strong><strong>Sign the agreement<\/strong><\/strong><\/p>\n\n\n\n<ol start=\"6\" class=\"wp-block-list\">\n<li>We\u2019ll present a cooperation agreement tailored to your needs, the agreed fee, and our working principles.<\/li>\n\n\n\n<li>You\u2019ll have time to review the agreement, and if you have any comments, questions, or suggestions \u2014 we\u2019ll go through them together.<\/li>\n\n\n\n<li>Once everything is clear and agreed upon, we\u2019ll finalize and sign the contract.<\/li>\n<\/ol>\n\n\r\n      <\/div><!-- \/.text -->\r\n    <\/div><!-- \/.desc -->\r\n  <\/section><!-- \/.photo-with-text left-photo -->\r\n\n\n\r\n  <section id=\"how-we-work-row-4\"  class=\"how-we-work-row text-align-left align wp-block-acf-how-we-work-row\">\r\n    <div class=\"photo\">\r\n          <img decoding=\"async\" loading=\"lazy\" src=\"https:\/\/ajlaw.pl\/wp-content\/uploads\/2024\/10\/zasady-wspolpracy-4.webp\" alt=\"\" width=\"214\" height=\"260\">\r\n          <\/div><!-- \/.photo -->\r\n    <div class=\"desc\">\r\n      <div class=\"text\">\r\n        \n\n<p><strong><strong>Let\u2019s get to work!<\/strong> <\/strong><\/p>\n\n\n\n<p><strong><strong>We\u2019re excited to work with you<\/strong><\/strong><\/p>\n\n\n\n<p><\/p>\n\n\r\n      <\/div><!-- \/.text -->\r\n    <\/div><!-- \/.desc -->\r\n  <\/section><!-- \/.photo-with-text left-photo -->\r\n\n\n\r\n  <section  class=\"contact-wrapper alignwide text-align-left\">\r\n    <div class=\"contact-section\">\r\n      <h2>Contact with us<\/h2>\r\n      <div class=\"contact-text\">\r\n                <ul>\r\n                    <li>\r\n            <a href=\"tel:+48506144611\">+48 506 144 611<\/a>\r\n            <p>\r\n              <strong>dr Joanna Ucha\u0144ska<\/strong><span> &#8211; legal counsel, court mediator<\/span>\r\n            <\/p>\r\n          <\/li>\r\n                  <li>\r\n            <a href=\"tel:+48507766690\">+48 507 766 690<\/a>\r\n            <p>\r\n              <strong>Aleksandra Diskau<\/strong><span> &#8211; legal counsel<\/span>\r\n            <\/p>\r\n          <\/li>\r\n                  <li>\r\n            <a href=\"mailto:office@ajlaw.pl\">office@ajlaw.pl<\/a>\r\n          <\/li>\r\n        <\/ul>\r\n        \r\n        <p>AJ LAW Ucha\u0144ska Diskau Legal Advisors sp.p.<\/p>\n<p>7\/3 Kornel Ujejski Street<br \/>\n30-102 Krak\u00f3w, Poland<\/p>\n<p>National Court Register 0001133873<\/p>\n<p>Business Registry Number 52996880600000<br \/>\nTAX ID <span data-olk-copy-source=\"MessageBody\">6772517120<\/span><\/p>\n<p>Bank account:<br \/>\nPL 58 8980 0009 2105 0000 8741 0001<\/p>\n      <\/div><!-- \/.contact-text -->\r\n      <div class=\"contact-form\">\r\n        \n<div class=\"wpcf7 no-js\" id=\"wpcf7-f646-o1\" lang=\"en-US\" dir=\"ltr\" data-wpcf7-id=\"646\">\n<div class=\"screen-reader-response\"><p role=\"status\" aria-live=\"polite\" aria-atomic=\"true\"><\/p> <ul><\/ul><\/div>\n<form action=\"\/en\/wp-json\/wp\/v2\/pages\/483#wpcf7-f646-o1\" method=\"post\" class=\"wpcf7-form init\" aria-label=\"Contact form\" novalidate=\"novalidate\" data-status=\"init\">\n<fieldset class=\"hidden-fields-container\"><input type=\"hidden\" name=\"_wpcf7\" value=\"646\" \/><input type=\"hidden\" name=\"_wpcf7_version\" value=\"6.1.4\" \/><input type=\"hidden\" name=\"_wpcf7_locale\" value=\"en_US\" \/><input type=\"hidden\" name=\"_wpcf7_unit_tag\" value=\"wpcf7-f646-o1\" \/><input type=\"hidden\" name=\"_wpcf7_container_post\" value=\"0\" \/><input type=\"hidden\" name=\"_wpcf7_posted_data_hash\" value=\"\" \/>\n<\/fieldset>\n<div class=\"form-row\"><label for=\"imie\">Your name<\/label><span class=\"wpcf7-form-control-wrap\" data-name=\"imie\"><input size=\"40\" maxlength=\"400\" class=\"wpcf7-form-control wpcf7-text wpcf7-validates-as-required\" id=\"imie\" aria-required=\"true\" aria-invalid=\"false\" placeholder=\"Joanna Kwiatkowska\" value=\"\" type=\"text\" name=\"imie\" \/><\/span><\/div><div class=\"form-row\"><label for=\"email\">E-mail<\/label><span class=\"wpcf7-form-control-wrap\" data-name=\"email\"><input size=\"40\" maxlength=\"400\" class=\"wpcf7-form-control wpcf7-email wpcf7-validates-as-required wpcf7-text wpcf7-validates-as-email\" id=\"email\" aria-required=\"true\" aria-invalid=\"false\" placeholder=\"joanna.kwiatkowska@domena.pl\" value=\"\" type=\"email\" name=\"email\" \/><\/span><\/div><div class=\"form-row\"><label for=\"telefon\">Phone number (optiona)<\/label><span class=\"wpcf7-form-control-wrap\" data-name=\"telefon\"><input size=\"40\" maxlength=\"400\" class=\"wpcf7-form-control wpcf7-tel wpcf7-text wpcf7-validates-as-tel\" id=\"telefon\" aria-invalid=\"false\" placeholder=\"+48 555 666 777\" value=\"\" type=\"tel\" name=\"telefon\" \/><\/span><\/div><div class=\"form-row\"><label for=\"temat\">Message subject<\/label><span class=\"wpcf7-form-control-wrap\" data-name=\"temat\"><input size=\"40\" maxlength=\"400\" class=\"wpcf7-form-control wpcf7-text wpcf7-validates-as-required\" id=\"temat\" aria-required=\"true\" aria-invalid=\"false\" placeholder=\"How can we help you?\" value=\"\" type=\"text\" name=\"temat\" \/><\/span><\/div><div class=\"form-row\"><label for=\"\">How can we help you?<\/label><span class=\"wpcf7-form-control-wrap\" data-name=\"wiadomosc\"><textarea cols=\"40\" rows=\"10\" maxlength=\"2000\" class=\"wpcf7-form-control wpcf7-textarea\" id=\"wiadomosc\" aria-invalid=\"false\" placeholder=\"Message content\" name=\"wiadomosc\"><\/textarea><\/span><\/div><div class=\"form-row\"><div class=\"checkbox-wrap\"><span class=\"wpcf7-form-control-wrap\" data-name=\"zgoda\"><span class=\"wpcf7-form-control wpcf7-acceptance\"><span class=\"wpcf7-list-item\"><label><input type=\"checkbox\" name=\"zgoda\" value=\"1\" aria-invalid=\"false\" \/><span class=\"wpcf7-list-item-label\">The administrator of your personal data is AJ LAW Ucha\u0144ska Diskau Kancelaria Radc\u00f3w Prawnych Sp\u00f3\u0142ka Partnerska with its registered office in Krakow, ul. Kornela Ujejskiego 7\/3, 30-102 Krakow, KRS: 0001133873. Your data will be processed for the purpose of correspondence. For more information on the processing of personal data, please refer to our Privacy Policy.<\/span><\/label><\/span><\/span><\/span><\/div><\/div><div class=\"form-row last\"><button class=\"btn full beige\"><span>Send<\/span><svg viewBox=\"0 0 512 512\"><use xlink:href=\"#arrow-right-long\"><\/use><\/svg><\/button><\/div><div class=\"wpcf7-response-output\" aria-hidden=\"true\"><\/div>\n<\/form>\n<\/div>\n      <\/div><!-- \/.contact-form -->\r\n    <\/div><!-- \/.contact-wrapper -->\r\n  <\/section><!-- \/.full-section -->\r\n\r\n\r\n\n\n\r\n\r\n  <section id=\"team-grid-1\"  class=\"team-grid text-align-left align wp-block-acf-home-team\">\r\n        <div class=\"box\">\r\n      <div class=\"desc\">\r\n        <div class=\"text\">\r\n          <h3><a href=\"https:\/\/ajlaw.pl\/en\/osoba\/aleksandra-krupska\/\">Aleksandra Diskau<\/a><\/h3>\r\n          <p>Legal advisor<\/p>\r\n                    <div class=\"linkedin\">\r\n            <a href=\"https:\/\/www.linkedin.com\/in\/aleksandra-diskau-548594338?utm_source=share&#038;utm_campaign=share_via&#038;utm_content=profile&#038;utm_medium=android_app\" target=\"_blank\" rel=\"nofollow noopener\">\r\n              <svg viewBox=\"0 0 438.536 438.535\"><use xlink:href=\"#linkedin\"><\/use><\/svg>\r\n            <\/a>\r\n          <\/div><!-- \/.linkedin -->\r\n                  <\/div><!-- \/.text -->\r\n      <\/div><!-- \/.desc -->\r\n      <div class=\"photo\">\r\n                <img decoding=\"async\" loading=\"lazy\" src=\"https:\/\/ajlaw.pl\/wp-content\/uploads\/2024\/10\/aleksandra-krupska-home.webp\" alt=\"\" width=\"800\" height=\"1200\">\r\n      <\/div><!-- \/.photo -->\r\n    <\/div><!-- \/.box -->\r\n        <div class=\"box\">\r\n      <div class=\"desc\">\r\n        <div class=\"text\">\r\n          <h3><a href=\"https:\/\/ajlaw.pl\/en\/osoba\/dr-joanna-uchanska\/\">dr Joanna Ucha\u0144ska<\/a><\/h3>\r\n          <p>Legal adviser, court mediator<\/p>\r\n                    <div class=\"linkedin\">\r\n            <a href=\"https:\/\/www.linkedin.com\/in\/dr-joanna-ucha%C5%84ska?utm_source=share&#038;utm_campaign=share_via&#038;utm_content=profile&#038;utm_medium=android_app\" target=\"_blank\" rel=\"nofollow noopener\">\r\n              <svg viewBox=\"0 0 438.536 438.535\"><use xlink:href=\"#linkedin\"><\/use><\/svg>\r\n            <\/a>\r\n          <\/div><!-- \/.linkedin -->\r\n                  <\/div><!-- \/.text -->\r\n      <\/div><!-- \/.desc -->\r\n      <div class=\"photo\">\r\n                <img decoding=\"async\" loading=\"lazy\" src=\"https:\/\/ajlaw.pl\/wp-content\/uploads\/2024\/10\/joanna-uchanska-home.webp\" alt=\"\" width=\"800\" height=\"1200\">\r\n      <\/div><!-- \/.photo -->\r\n    <\/div><!-- \/.box -->\r\n        <div class=\"box\">\r\n      <div class=\"desc\">\r\n        <div class=\"text\">\r\n          <h3><a href=\"https:\/\/ajlaw.pl\/en\/osoba\/edyta-oleszczuk-romanska\/\">Edyta Oleszczuk &#8211; Roma\u0144ska<\/a><\/h3>\r\n          <p>radczyni prawna<\/p>\r\n                    <div class=\"linkedin\">\r\n            <a href=\"https:\/\/www.linkedin.com\/in\/oleszczukromanska\/\" target=\"_blank\" rel=\"nofollow noopener\">\r\n              <svg viewBox=\"0 0 438.536 438.535\"><use xlink:href=\"#linkedin\"><\/use><\/svg>\r\n            <\/a>\r\n          <\/div><!-- \/.linkedin -->\r\n                  <\/div><!-- \/.text -->\r\n      <\/div><!-- \/.desc -->\r\n      <div class=\"photo\">\r\n                <img decoding=\"async\" loading=\"lazy\" src=\"https:\/\/ajlaw.pl\/wp-content\/uploads\/2025\/11\/edyta-oleszczuk-romanska-e1772026322962.jpg\" alt=\"\" width=\"1920\" height=\"2560\">\r\n      <\/div><!-- \/.photo -->\r\n    <\/div><!-- \/.box -->\r\n        <div class=\"box\">\r\n      <div class=\"desc\">\r\n        <div class=\"text\">\r\n          <h3><a href=\"https:\/\/ajlaw.pl\/en\/osoba\/anna-bobowska\/\">Anna Bobowska<\/a><\/h3>\r\n          <p>radczyni prawna<\/p>\r\n                    <div class=\"linkedin\">\r\n            <a href=\"https:\/\/www.linkedin.com\/in\/anna-bobowska-217ab814b\/\" target=\"_blank\" rel=\"nofollow noopener\">\r\n              <svg viewBox=\"0 0 438.536 438.535\"><use xlink:href=\"#linkedin\"><\/use><\/svg>\r\n            <\/a>\r\n          <\/div><!-- \/.linkedin -->\r\n                  <\/div><!-- \/.text -->\r\n      <\/div><!-- \/.desc -->\r\n      <div class=\"photo\">\r\n                <img decoding=\"async\" loading=\"lazy\" src=\"https:\/\/ajlaw.pl\/wp-content\/uploads\/2025\/12\/dsc_1757-edytuj-scaled-e1766396473302.jpg\" alt=\"\" width=\"1707\" height=\"2458\">\r\n      <\/div><!-- \/.photo -->\r\n    <\/div><!-- \/.box -->\r\n        <div class=\"box\">\r\n      <div class=\"desc\">\r\n        <div class=\"text\">\r\n          <h3><a href=\"https:\/\/ajlaw.pl\/en\/osoba\/alicja-sliwa\/\">Alicja \u015aliwa<\/a><\/h3>\r\n          <p>asystentka<\/p>\r\n                    <div class=\"linkedin\">\r\n            <a href=\"https:\/\/pl.linkedin.com\/in\/alicjasliwa\" target=\"_blank\" rel=\"nofollow noopener\">\r\n              <svg viewBox=\"0 0 438.536 438.535\"><use xlink:href=\"#linkedin\"><\/use><\/svg>\r\n            <\/a>\r\n          <\/div><!-- \/.linkedin -->\r\n                  <\/div><!-- \/.text -->\r\n      <\/div><!-- \/.desc -->\r\n      <div class=\"photo\">\r\n                <img decoding=\"async\" loading=\"lazy\" src=\"https:\/\/ajlaw.pl\/wp-content\/uploads\/2026\/02\/img_8590-scaled-e1772026290113.jpeg\" alt=\"\" width=\"1357\" height=\"1630\">\r\n      <\/div><!-- \/.photo -->\r\n    <\/div><!-- \/.box -->\r\n      <\/section><!-- \/.team-grid -->\r\n","protected":false},"excerpt":{"rendered":"<p>We provide legal services based on hourly billing, flat fees, or a hybrid model.Our services are tailored to fit individual needs, depending on: 8 quick steps to start working with us<\/p>\n","protected":false},"author":1,"featured_media":0,"parent":0,"menu_order":0,"comment_status":"closed","ping_status":"closed","template":"","meta":{"_acf_changed":false,"footnotes":""},"class_list":["post-483","page","type-page","status-publish","hentry"],"acf":[],"_links":{"self":[{"href":"https:\/\/ajlaw.pl\/en\/wp-json\/wp\/v2\/pages\/483","targetHints":{"allow":["GET"]}}],"collection":[{"href":"https:\/\/ajlaw.pl\/en\/wp-json\/wp\/v2\/pages"}],"about":[{"href":"https:\/\/ajlaw.pl\/en\/wp-json\/wp\/v2\/types\/page"}],"author":[{"embeddable":true,"href":"https:\/\/ajlaw.pl\/en\/wp-json\/wp\/v2\/users\/1"}],"replies":[{"embeddable":true,"href":"https:\/\/ajlaw.pl\/en\/wp-json\/wp\/v2\/comments?post=483"}],"version-history":[{"count":2,"href":"https:\/\/ajlaw.pl\/en\/wp-json\/wp\/v2\/pages\/483\/revisions"}],"predecessor-version":[{"id":648,"href":"https:\/\/ajlaw.pl\/en\/wp-json\/wp\/v2\/pages\/483\/revisions\/648"}],"wp:attachment":[{"href":"https:\/\/ajlaw.pl\/en\/wp-json\/wp\/v2\/media?parent=483"}],"curies":[{"name":"wp","href":"https:\/\/api.w.org\/{rel}","templated":true}]}}