{"id":549,"date":"2024-10-28T11:31:39","date_gmt":"2024-10-28T10:31:39","guid":{"rendered":"https:\/\/ajlaw.pl\/kim-jestesmy\/"},"modified":"2025-11-25T15:39:20","modified_gmt":"2025-11-25T14:39:20","slug":"who-we-are","status":"publish","type":"page","link":"https:\/\/ajlaw.pl\/en\/who-we-are\/","title":{"rendered":"Who We Are"},"content":{"rendered":"\n<p class=\"has-medium-font-size\"><strong>Good day! We are AJ LAW, specifically Aleksandra Diskau and Joanna Ucha\u0144ska. <\/strong>We run a law firm side by side in Cracow \u2013 the city where we completed our studies and have been living and working for years.<\/p>\n\n\n\n<p class=\"has-medium-font-size\">What do we do? We accompany our clients in their daily matters, business operations, and the realization of their dreams and goals, taking care of the legal side of their activities.<\/p>\n\n\n\n<p class=\"has-medium-font-size\">Our main areas of practice are in the Life Science and Healthcare sectors, including the medical, pharmaceutical, food, beauty, biotechnology, and chemical industries. We also provide legal services in the field of intellectual property, protection of personal rights, and protection against unfair competition.<\/p>\n\n\n\n<figure class=\"wp-block-image alignwide size-large\"><img loading=\"lazy\" decoding=\"async\" width=\"1024\" height=\"683\" src=\"https:\/\/ajlaw.pl\/wp-content\/uploads\/2024\/10\/kim-jestem-joanna-aleksandra-1-1024x683.webp\" alt=\"\" class=\"wp-image-89\" srcset=\"https:\/\/ajlaw.pl\/wp-content\/uploads\/2024\/10\/kim-jestem-joanna-aleksandra-1-1024x683.webp 1024w, https:\/\/ajlaw.pl\/wp-content\/uploads\/2024\/10\/kim-jestem-joanna-aleksandra-1-800x533.webp 800w, https:\/\/ajlaw.pl\/wp-content\/uploads\/2024\/10\/kim-jestem-joanna-aleksandra-1-768x512.webp 768w, https:\/\/ajlaw.pl\/wp-content\/uploads\/2024\/10\/kim-jestem-joanna-aleksandra-1-1536x1024.webp 1536w, https:\/\/ajlaw.pl\/wp-content\/uploads\/2024\/10\/kim-jestem-joanna-aleksandra-1.webp 1920w\" sizes=\"auto, (max-width: 1024px) 100vw, 1024px\" \/><\/figure>\n\n\n\n<p class=\"has-medium-font-size\"><strong>What do we do in detail?<br><\/strong>We listen, analyze, advise, represent before authorities and in court proceedings, negotiate, mediate, and train. We are wherever business and people in their activities need dedicated lawyers with open minds.<\/p>\n\n\n\n<p class=\"has-medium-font-size\">Our approach to technological innovation is crucial in our operations. We constantly seek modern tools and solutions that allow us to respond effectively to the changing needs of the market. We use technology to streamline legal processes, increase the availability of our services, and improve communication with clients.<\/p>\n\n\n\n<p class=\"has-medium-font-size\">We believe that everyone has the right to realize their dreams, and we are here to help make them come true, taking into account complex legal regulations. We operate both domestically and internationally, allowing us to adapt flexibly to our clients&#8217; needs. In every collaboration, we prioritize kindness and respect, passionately accompanying our clients at every stage of their journey, striving to make legal support accessible to anyone who wants to make changes in their environment.<\/p>\n\n\n\n<p class=\"has-medium-font-size\">In handling our cases, we collaborate with scientists. We believe that in industries such as medical, pharmaceutical, food, special category food, cosmetic, biotechnology, and environmental protection, science is the cornerstone of the activities conducted. Therefore, we base our legal analyses and support on the principle of &#8220;evidence-based.&#8221; This approach ensures reliability and credibility and helps us understand the client&#8217;s industry with whom we cooperate.<\/p>\n\n\n\n<p class=\"has-medium-font-size\">If you need to bring your ideas to life, have a pressing question regarding your business or company, or have a lawsuit or decision from an authority in your hands and don&#8217;t know what to do next, we are here to help you.<\/p>\n\n\n\n<figure class=\"wp-block-gallery alignwide has-nested-images columns-default is-cropped wp-block-gallery-1 is-layout-flex wp-block-gallery-is-layout-flex\">\n<figure class=\"wp-block-image size-large\"><img loading=\"lazy\" decoding=\"async\" width=\"683\" height=\"1024\" data-id=\"87\" src=\"https:\/\/ajlaw.pl\/wp-content\/uploads\/2024\/10\/kim-jestesmy-aleksandra-683x1024.webp\" alt=\"\" class=\"wp-image-87\" srcset=\"https:\/\/ajlaw.pl\/wp-content\/uploads\/2024\/10\/kim-jestesmy-aleksandra-683x1024.webp 683w, https:\/\/ajlaw.pl\/wp-content\/uploads\/2024\/10\/kim-jestesmy-aleksandra-400x600.webp 400w, https:\/\/ajlaw.pl\/wp-content\/uploads\/2024\/10\/kim-jestesmy-aleksandra-768x1152.webp 768w, https:\/\/ajlaw.pl\/wp-content\/uploads\/2024\/10\/kim-jestesmy-aleksandra-1024x1536.webp 1024w, https:\/\/ajlaw.pl\/wp-content\/uploads\/2024\/10\/kim-jestesmy-aleksandra.webp 1280w\" sizes=\"auto, (max-width: 683px) 100vw, 683px\" \/><\/figure>\n\n\n\n<figure class=\"wp-block-image size-full\"><img loading=\"lazy\" decoding=\"async\" width=\"650\" height=\"975\" data-id=\"72\" src=\"https:\/\/ajlaw.pl\/wp-content\/uploads\/2024\/10\/Joanna-Uchanska.webp\" alt=\"\" class=\"wp-image-72\" srcset=\"https:\/\/ajlaw.pl\/wp-content\/uploads\/2024\/10\/Joanna-Uchanska.webp 650w, https:\/\/ajlaw.pl\/wp-content\/uploads\/2024\/10\/Joanna-Uchanska-400x600.webp 400w\" sizes=\"auto, (max-width: 650px) 100vw, 650px\" \/><\/figure>\n<\/figure>\n\n\n\n<p class=\"has-medium-font-size\">Or maybe you want to come to an agreement with a contractor or business partner and negotiate a contract, or you need excellent training for your team \u2013 you&#8217;ve come to the right place.<\/p>\n\n\n\n<p class=\"has-medium-font-size\">Legal education is a priority for us. We organize various educational programs, including workshops, seminars, and webinars, aimed at increasing legal awareness among our clients and the community. We believe that well-informed clients can make better decisions, which is why we engage in activities aimed at legal education at different levels, from professional training to workshops for individuals.<\/p>\n\n\n\n<p class=\"has-medium-font-size\">Our approach to corporate clients is based on understanding their specific needs and the dynamic environment in which they operate. We offer comprehensive legal support, including both strategic advice and ongoing legal services. We strive to build long-term relationships with our corporate clients, which allows us to better tailor our services to their business goals and challenges. We aim to accompany our clients in their businesses, facilitate their activities, and build a sense of legal comfort.<\/p>\n\n\n\n<p class=\"has-medium-font-size\">Collaboration with individual clients is treated with exceptional attention. Every client is important to us, which is why we strive to provide personalized support that addresses their specific life situations. We aim to build long-term relationships based on trust and open communication, which allows us to better understand their goals and challenges.<\/p>\n\n\n\n<p class=\"has-medium-font-size\">Do you have an interesting project that you want to implement from Idea to Shelf, but you&#8217;re not sure what legal aspects you should consider?<\/p>\n\n\n\n<p class=\"has-medium-font-size\">Are you starting a new collaboration and need legal advice on negotiated contracts, prepared documentation, or other actions you should take? We are here for you.<\/p>\n\n\n\n<p><\/p>\n\n\n\n<p class=\"has-medium-font-size\">Read about our range of services and the industries we specialize in.<\/p>\n\n\n\n<div class=\"wp-block-buttons is-content-justification-center is-layout-flex wp-container-core-buttons-is-layout-a89b3969 wp-block-buttons-is-layout-flex\">\n<div class=\"wp-block-button\"><a class=\"wp-block-button__link wp-element-button\" href=\"https:\/\/ajlaw.pl\/en\/services\/\"><strong>Scope of Services<\/strong><\/a><\/div>\n\n\n\n<div class=\"wp-block-button\"><a class=\"wp-block-button__link wp-element-button\" href=\"\/en\/?page_id=434\"><strong>Industries<\/strong><\/a><\/div>\n<\/div>\n\n\n\n<div class=\"wp-block-group alignfull team-wrapper has-global-padding is-layout-constrained wp-container-core-group-is-layout-7057ef74 wp-block-group-is-layout-constrained\" style=\"padding-right:var(--wp--preset--spacing--flex-32);padding-left:var(--wp--preset--spacing--flex-32)\">\n<h2 class=\"wp-block-heading\">Founders AJ LAW<\/h2>\n\n\n\r\n\r\n  <section id=\"team-grid-1\"  class=\"team-grid text-align-left alignwide wp-block-acf-home-team\">\r\n        <div class=\"box\">\r\n      <div class=\"desc\">\r\n        <div class=\"text\">\r\n          <h3><a href=\"https:\/\/ajlaw.pl\/en\/osoba\/dr-joanna-uchanska\/\">dr Joanna Ucha\u0144ska<\/a><\/h3>\r\n          <p>Legal adviser, court mediator<\/p>\r\n                    <div class=\"linkedin\">\r\n            <a href=\"https:\/\/www.linkedin.com\/in\/dr-joanna-ucha%C5%84ska?utm_source=share&#038;utm_campaign=share_via&#038;utm_content=profile&#038;utm_medium=android_app\" target=\"_blank\" rel=\"nofollow noopener\">\r\n              <svg viewBox=\"0 0 438.536 438.535\"><use xlink:href=\"#linkedin\"><\/use><\/svg>\r\n            <\/a>\r\n          <\/div><!-- \/.linkedin -->\r\n                  <\/div><!-- \/.text -->\r\n      <\/div><!-- \/.desc -->\r\n      <div class=\"photo\">\r\n                <img decoding=\"async\" loading=\"lazy\" src=\"https:\/\/ajlaw.pl\/wp-content\/uploads\/2024\/10\/joanna-uchanska-home.webp\" alt=\"\" width=\"800\" height=\"1200\">\r\n      <\/div><!-- \/.photo -->\r\n    <\/div><!-- \/.box -->\r\n        <div class=\"box\">\r\n      <div class=\"desc\">\r\n        <div class=\"text\">\r\n          <h3><a href=\"https:\/\/ajlaw.pl\/en\/osoba\/aleksandra-krupska\/\">Aleksandra Diskau<\/a><\/h3>\r\n          <p>Legal advisor<\/p>\r\n                    <div class=\"linkedin\">\r\n            <a href=\"https:\/\/www.linkedin.com\/in\/aleksandra-diskau-548594338?utm_source=share&#038;utm_campaign=share_via&#038;utm_content=profile&#038;utm_medium=android_app\" target=\"_blank\" rel=\"nofollow noopener\">\r\n              <svg viewBox=\"0 0 438.536 438.535\"><use xlink:href=\"#linkedin\"><\/use><\/svg>\r\n            <\/a>\r\n          <\/div><!-- \/.linkedin -->\r\n                  <\/div><!-- \/.text -->\r\n      <\/div><!-- \/.desc -->\r\n      <div class=\"photo\">\r\n                <img decoding=\"async\" loading=\"lazy\" src=\"https:\/\/ajlaw.pl\/wp-content\/uploads\/2024\/10\/aleksandra-krupska-home.webp\" alt=\"\" width=\"800\" height=\"1200\">\r\n      <\/div><!-- \/.photo -->\r\n    <\/div><!-- \/.box -->\r\n      <\/section><!-- \/.team-grid -->\r\n\n\n\n<h2 class=\"wp-block-heading\">Our team<\/h2>\n\n\n\r\n\r\n  <section id=\"team-grid-2\"  class=\"team-grid text-align-left alignwide wp-block-acf-home-team\">\r\n        <div class=\"box\">\r\n      <div class=\"desc\">\r\n        <div class=\"text\">\r\n          <h3><a href=\"https:\/\/ajlaw.pl\/en\/osoba\/edyta-oleszczuk-romanska\/\">Edyta Oleszczuk &#8211; Roma\u0144ska<\/a><\/h3>\r\n          <p>radczyni prawna<\/p>\r\n                    <div class=\"linkedin\">\r\n            <a href=\"https:\/\/www.linkedin.com\/in\/oleszczukromanska\/\" target=\"_blank\" rel=\"nofollow noopener\">\r\n              <svg viewBox=\"0 0 438.536 438.535\"><use xlink:href=\"#linkedin\"><\/use><\/svg>\r\n            <\/a>\r\n          <\/div><!-- \/.linkedin -->\r\n                  <\/div><!-- \/.text -->\r\n      <\/div><!-- \/.desc -->\r\n      <div class=\"photo\">\r\n                <img decoding=\"async\" loading=\"lazy\" src=\"https:\/\/ajlaw.pl\/wp-content\/uploads\/2025\/11\/edyta-oleszczuk-romanska-e1772026322962.jpg\" alt=\"\" width=\"1920\" height=\"2560\">\r\n      <\/div><!-- \/.photo -->\r\n    <\/div><!-- \/.box -->\r\n      <\/section><!-- \/.team-grid -->\r\n<\/div>\n\n\n\r\n  <section  class=\"contact-wrapper alignwide text-align-left\">\r\n    <div class=\"contact-section\">\r\n      <h2>Contact<\/h2>\r\n      <div class=\"contact-text\">\r\n                <ul>\r\n                    <li>\r\n            <a href=\"tel:+48506144611\">+48 506 144 611<\/a>\r\n            <p>\r\n              <strong>dr Joanna Ucha\u0144ska<\/strong><span> &#8211; Legal advisor, court mediator<\/span>\r\n            <\/p>\r\n          <\/li>\r\n                  <li>\r\n            <a href=\"tel:+48507667690\">+48 507 667 690<\/a>\r\n            <p>\r\n              <strong>Aleksandra Diskau<\/strong><span> &#8211; Legal advisor<\/span>\r\n            <\/p>\r\n          <\/li>\r\n                  <li>\r\n            <a href=\"mailto:office@ajlaw.pl\">office@ajlaw.pl<\/a>\r\n          <\/li>\r\n        <\/ul>\r\n        \r\n        <p>AJ LAW Ucha\u0144ska Diskau Law Firm of Legal Advisors sp.p.<\/p>\n<p>Kornela Ujejskiego 7\/3 street<br \/>\n30-102 Cracow<\/p>\n<p>National Court Register 0001133873<\/p>\n<p>Business Registry Number 52996880600000<br \/>\n<span data-olk-copy-source=\"MessageBody\">Tax Identification Number\u00a0 6772517120<\/span><\/p>\n<p>Bank account:<br \/>\nPL 58 8980 0009 2105 0000 8741 0001<\/p>\n      <\/div><!-- \/.contact-text -->\r\n      <div class=\"contact-form\">\r\n        \n<div class=\"wpcf7 no-js\" id=\"wpcf7-f646-o1\" lang=\"en-US\" dir=\"ltr\" data-wpcf7-id=\"646\">\n<div class=\"screen-reader-response\"><p role=\"status\" aria-live=\"polite\" aria-atomic=\"true\"><\/p> <ul><\/ul><\/div>\n<form action=\"\/en\/wp-json\/wp\/v2\/pages\/549#wpcf7-f646-o1\" method=\"post\" class=\"wpcf7-form init\" aria-label=\"Contact form\" novalidate=\"novalidate\" data-status=\"init\">\n<fieldset class=\"hidden-fields-container\"><input type=\"hidden\" name=\"_wpcf7\" value=\"646\" \/><input type=\"hidden\" name=\"_wpcf7_version\" value=\"6.1.4\" \/><input type=\"hidden\" name=\"_wpcf7_locale\" value=\"en_US\" \/><input type=\"hidden\" name=\"_wpcf7_unit_tag\" value=\"wpcf7-f646-o1\" \/><input type=\"hidden\" name=\"_wpcf7_container_post\" value=\"0\" \/><input type=\"hidden\" name=\"_wpcf7_posted_data_hash\" value=\"\" \/>\n<\/fieldset>\n<div class=\"form-row\"><label for=\"imie\">Your name<\/label><span class=\"wpcf7-form-control-wrap\" data-name=\"imie\"><input size=\"40\" maxlength=\"400\" class=\"wpcf7-form-control wpcf7-text wpcf7-validates-as-required\" id=\"imie\" aria-required=\"true\" aria-invalid=\"false\" placeholder=\"Joanna Kwiatkowska\" value=\"\" type=\"text\" name=\"imie\" \/><\/span><\/div><div class=\"form-row\"><label for=\"email\">E-mail<\/label><span class=\"wpcf7-form-control-wrap\" data-name=\"email\"><input size=\"40\" maxlength=\"400\" class=\"wpcf7-form-control wpcf7-email wpcf7-validates-as-required wpcf7-text wpcf7-validates-as-email\" id=\"email\" aria-required=\"true\" aria-invalid=\"false\" placeholder=\"joanna.kwiatkowska@domena.pl\" value=\"\" type=\"email\" name=\"email\" \/><\/span><\/div><div class=\"form-row\"><label for=\"telefon\">Phone number (optiona)<\/label><span class=\"wpcf7-form-control-wrap\" data-name=\"telefon\"><input size=\"40\" maxlength=\"400\" class=\"wpcf7-form-control wpcf7-tel wpcf7-text wpcf7-validates-as-tel\" id=\"telefon\" aria-invalid=\"false\" placeholder=\"+48 555 666 777\" value=\"\" type=\"tel\" name=\"telefon\" \/><\/span><\/div><div class=\"form-row\"><label for=\"temat\">Message subject<\/label><span class=\"wpcf7-form-control-wrap\" data-name=\"temat\"><input size=\"40\" maxlength=\"400\" class=\"wpcf7-form-control wpcf7-text wpcf7-validates-as-required\" id=\"temat\" aria-required=\"true\" aria-invalid=\"false\" placeholder=\"How can we help you?\" value=\"\" type=\"text\" name=\"temat\" \/><\/span><\/div><div class=\"form-row\"><label for=\"\">How can we help you?<\/label><span class=\"wpcf7-form-control-wrap\" data-name=\"wiadomosc\"><textarea cols=\"40\" rows=\"10\" maxlength=\"2000\" class=\"wpcf7-form-control wpcf7-textarea\" id=\"wiadomosc\" aria-invalid=\"false\" placeholder=\"Message content\" name=\"wiadomosc\"><\/textarea><\/span><\/div><div class=\"form-row\"><div class=\"checkbox-wrap\"><span class=\"wpcf7-form-control-wrap\" data-name=\"zgoda\"><span class=\"wpcf7-form-control wpcf7-acceptance\"><span class=\"wpcf7-list-item\"><label><input type=\"checkbox\" name=\"zgoda\" value=\"1\" aria-invalid=\"false\" \/><span class=\"wpcf7-list-item-label\">The administrator of your personal data is AJ LAW Ucha\u0144ska Diskau Kancelaria Radc\u00f3w Prawnych Sp\u00f3\u0142ka Partnerska with its registered office in Krakow, ul. Kornela Ujejskiego 7\/3, 30-102 Krakow, KRS: 0001133873. Your data will be processed for the purpose of correspondence. For more information on the processing of personal data, please refer to our Privacy Policy.<\/span><\/label><\/span><\/span><\/span><\/div><\/div><div class=\"form-row last\"><button class=\"btn full beige\"><span>Send<\/span><svg viewBox=\"0 0 512 512\"><use xlink:href=\"#arrow-right-long\"><\/use><\/svg><\/button><\/div><div class=\"wpcf7-response-output\" aria-hidden=\"true\"><\/div>\n<\/form>\n<\/div>\n      <\/div><!-- \/.contact-form -->\r\n    <\/div><!-- \/.contact-wrapper -->\r\n  <\/section><!-- \/.full-section -->\r\n\r\n\r\n","protected":false},"excerpt":{"rendered":"<p>Good day! We are AJ LAW, specifically Aleksandra Diskau and Joanna Ucha\u0144ska. We run a law firm side by side in Cracow \u2013 the city where we completed our studies and have been living and working for years. What do we do? We accompany our clients in their daily matters, business operations, and the realization [&hellip;]<\/p>\n","protected":false},"author":1,"featured_media":0,"parent":0,"menu_order":0,"comment_status":"closed","ping_status":"closed","template":"","meta":{"_acf_changed":false,"footnotes":""},"class_list":["post-549","page","type-page","status-publish","hentry"],"acf":[],"_links":{"self":[{"href":"https:\/\/ajlaw.pl\/en\/wp-json\/wp\/v2\/pages\/549","targetHints":{"allow":["GET"]}}],"collection":[{"href":"https:\/\/ajlaw.pl\/en\/wp-json\/wp\/v2\/pages"}],"about":[{"href":"https:\/\/ajlaw.pl\/en\/wp-json\/wp\/v2\/types\/page"}],"author":[{"embeddable":true,"href":"https:\/\/ajlaw.pl\/en\/wp-json\/wp\/v2\/users\/1"}],"replies":[{"embeddable":true,"href":"https:\/\/ajlaw.pl\/en\/wp-json\/wp\/v2\/comments?post=549"}],"version-history":[{"count":7,"href":"https:\/\/ajlaw.pl\/en\/wp-json\/wp\/v2\/pages\/549\/revisions"}],"predecessor-version":[{"id":971,"href":"https:\/\/ajlaw.pl\/en\/wp-json\/wp\/v2\/pages\/549\/revisions\/971"}],"wp:attachment":[{"href":"https:\/\/ajlaw.pl\/en\/wp-json\/wp\/v2\/media?parent=549"}],"curies":[{"name":"wp","href":"https:\/\/api.w.org\/{rel}","templated":true}]}}